{"id":424,"date":"2021-02-16T11:44:42","date_gmt":"2021-02-16T11:44:42","guid":{"rendered":"https:\/\/demosites.io\/neve-3\/?page_id=46"},"modified":"2026-03-24T23:34:03","modified_gmt":"2026-03-24T23:34:03","slug":"7b3c2-homepage","status":"publish","type":"page","link":"https:\/\/collectivevision.ca\/francais\/","title":{"rendered":"Page d'accueil"},"content":{"rendered":"<div class=\"wp-block-cover alignfull has-parallax\" style=\"min-height:600px;aspect-ratio:unset;\"><div class=\"wp-block-cover__image-background wp-image-18 has-parallax\" style=\"background-position:50% 50%;background-image:url(https:\/\/collectivevision.ca\/wp-content\/uploads\/2024\/09\/creative-video-day-camp-montreal-1.png)\"><\/div><span aria-hidden=\"true\" class=\"wp-block-cover__background has-background-dim-60 has-background-dim wp-block-cover__gradient-background has-background-gradient\" style=\"background:linear-gradient(135deg,rgb(152,82,162) 0%,rgb(115,38,153) 100%)\"><\/span><div class=\"wp-block-cover__inner-container is-layout-flow wp-block-cover-is-layout-flow\">\n<div style=\"height:40px\" aria-hidden=\"true\" class=\"wp-block-spacer\"><\/div>\n\n\n\n<div class=\"wp-block-columns are-vertically-aligned-center is-layout-flex wp-container-core-columns-is-layout-9d6595d7 wp-block-columns-is-layout-flex\">\n<div class=\"wp-block-column is-vertically-aligned-center is-layout-flow wp-block-column-is-layout-flow\" style=\"flex-basis:100%\">\n<h1 class=\"wp-block-heading has-text-align-left has-nv-c-1-color has-text-color has-link-color wp-elements-d99f578f9fa8d32f3d5292727c6bffc1\" style=\"font-size:56px\">Responsabiliser les jeunes \u00e0 travers les m\u00e9dias<\/h1>\n\n\n\n<p class=\"has-text-align-left has-nv-site-bg-color has-text-color has-link-color wp-elements-84937b95f53e465471e9b60fe5e94721\" style=\"font-size:1.125em\"><strong>At Co-op Collective Vision, our mission is to empower youth and teens who are interested in learning about the digital arts with the skills to create, film and star in their own movies! <\/strong><br><br><strong>Nous proposons divers ateliers multim\u00e9dias dans le cadre de nos camps d'\u00e9t\u00e9, de nos programmes parascolaires en milieu scolaire (pendant la pause d\u00e9jeuner et apr\u00e8s l'\u00e9cole) et de nos cours particuliers.&nbsp;<\/strong><\/p>\n\n\n\n<div class=\"wp-block-buttons is-layout-flex wp-block-buttons-is-layout-flex\">\n<div class=\"wp-block-button is-style-primary\"><a class=\"wp-block-button__link wp-element-button\" href=\"https:\/\/collectivevision.ca\/francais\/about\/\">\u00c0 propos<\/a><\/div>\n<\/div>\n<\/div>\n\n\n\n<div class=\"wp-block-column is-vertically-aligned-center is-layout-flow wp-block-column-is-layout-flow\" style=\"flex-basis:30%\">\n<p><\/p>\n<\/div>\n<\/div>\n\n\n\n<div style=\"height:40px\" aria-hidden=\"true\" class=\"wp-block-spacer\"><\/div>\n<\/div><\/div>\n\n\n\n<hr class=\"wp-block-separator has-text-color has-nv-light-bg-color has-alpha-channel-opacity has-nv-light-bg-background-color has-background is-style-default\"\/>\n\n\n\n<div id=\"wp-block-themeisle-blocks-advanced-columns-4dc40fcc\" class=\"wp-block-themeisle-blocks-advanced-columns has-2-columns has-desktop-oneTwo-layout has-tablet-equal-layout has-mobile-collapsedRows-layout has-vertical-unset\"><div class=\"wp-block-themeisle-blocks-advanced-columns-overlay\"><\/div><div class=\"innerblocks-wrap\">\n<div id=\"wp-block-themeisle-blocks-advanced-column-15db14e1\" class=\"wp-block-themeisle-blocks-advanced-column\">\n<figure class=\"wp-block-image size-full\"><img loading=\"lazy\" decoding=\"async\" width=\"666\" height=\"692\" src=\"https:\/\/collectivevision.ca\/wp-content\/uploads\/2026\/03\/20-party.png\" alt=\"\" class=\"wp-image-3738\" srcset=\"https:\/\/collectivevision.ca\/wp-content\/uploads\/2026\/03\/20-party.png 666w, https:\/\/collectivevision.ca\/wp-content\/uploads\/2026\/03\/20-party-289x300.png 289w, https:\/\/collectivevision.ca\/wp-content\/uploads\/2026\/03\/20-party-12x12.png 12w\" sizes=\"auto, (max-width: 666px) 100vw, 666px\" \/><\/figure>\n\n\n\n<div class=\"wp-block-buttons is-layout-flex wp-block-buttons-is-layout-flex\"><\/div>\n<\/div>\n\n\n\n<div id=\"wp-block-themeisle-blocks-advanced-column-a2db1bbc\" class=\"wp-block-themeisle-blocks-advanced-column\">\n<h3 class=\"xdj266r x14z9mp xat24cr x1lziwak x1vvkbs\" style=\"padding-left: 40px;\"><span style=\"color: #800080;\">Vous \u00eates invit\u00e9s \u00e0 c\u00e9l\u00e9brer 20 ann\u00e9es incroyables de Creative Video Day Camp !<\/span><\/h3>\n<div class=\"x14z9mp xat24cr x1lziwak x1vvkbs xtlvy1s\" style=\"padding-left: 40px;\">Que vous fassiez partie de notre grande famille depuis le tout d\u00e9but ou que vous d\u00e9couvriez tout juste ce que nous faisons, nous serions ravis de vous compter parmi nous pour c\u00e9l\u00e9brer cette occasion.<\/div>\n<div class=\"x14z9mp xat24cr x1lziwak x1vvkbs xtlvy1s\" style=\"padding-left: 40px;\">\u00a0<\/div>\n<div class=\"x14z9mp xat24cr x1lziwak x1vvkbs xtlvy1s\" style=\"padding-left: 40px;\"><strong>Des ateliers pratiques, des collations et des rafra\u00eechissements !\u00a0 <br \/><\/strong><\/div>\n<div class=\"x14z9mp xat24cr x1lziwak x1vvkbs xtlvy1s\" style=\"padding-left: 40px;\">Dimanche 19 avril \/ 13 h \u00e0 16 h <br \/>2e \u00e9tage, pavillon SC, campus Loyola de l\u2019Universit\u00e9 Concordia (dans notre espace de camp)<\/div>\n<div class=\"x14z9mp xat24cr x1lziwak x1vvkbs xtlvy1s\" style=\"padding-left: 40px;\">\u00a0<\/div>\n\n\n\n<div class=\"wp-block-buttons is-content-justification-center is-layout-flex wp-container-core-buttons-is-layout-16018d1d wp-block-buttons-is-layout-flex\">\n<div class=\"wp-block-button has-custom-width wp-block-button__width-75\"><a class=\"wp-block-button__link has-nv-dark-bg-color has-nv-c-1-background-color has-text-color has-background has-link-color wp-element-button\" href=\"https:\/\/www.facebook.com\/share\/1DRMDKykQJ\/\" target=\"_blank\" rel=\"noreferrer noopener\">EN SAVOIR PLUS \/ RSVP<\/a><\/div>\n<\/div>\n<\/div>\n<\/div><\/div>\n\n\n\n<div style=\"height:44px\" aria-hidden=\"true\" class=\"wp-block-spacer\"><\/div>\n\n\n\n<div id=\"wp-block-themeisle-blocks-advanced-columns-1deb421a\" class=\"wp-block-themeisle-blocks-advanced-columns has-1-columns has-desktop-oneTwo-layout has-tablet-equal-layout has-mobile-collapsedRows-layout has-vertical-unset\"><div class=\"wp-block-themeisle-blocks-advanced-columns-overlay\"><\/div><div class=\"innerblocks-wrap\">\n<div id=\"wp-block-themeisle-blocks-advanced-column-d5c5722c\" class=\"wp-block-themeisle-blocks-advanced-column\">\n<h3 class=\"wp-block-heading has-text-align-center has-border-color has-custom-1-border-color has-nv-dark-bg-color has-nv-light-bg-background-color has-text-color has-background has-link-color has-medium-font-size wp-elements-ee9432611b5fc067242b04c5ef96b19b o-anim-ready bounceIn\">\ud80c\udd6a<strong>EARLY-BIRD \ud80c\udd6aREGISTRATION FOR SUMMER 2026 IS ON! <br \/>SAVE $100 on our Youth and Teen Camps before April 15th.<\/strong><\/h3>\n<\/div>\n<\/div><\/div>\n\n\n\n<div style=\"height:9px\" aria-hidden=\"true\" class=\"wp-block-spacer\"><\/div>\n\n\n\n<div class=\"wp-block-columns is-layout-flex wp-container-core-columns-is-layout-9d6595d7 wp-block-columns-is-layout-flex\">\n<div class=\"wp-block-column is-vertically-aligned-center is-layout-flow wp-block-column-is-layout-flow\"><div class=\"wp-block-image\">\n<figure class=\"aligncenter size-full\"><img loading=\"lazy\" decoding=\"async\" width=\"640\" height=\"360\" src=\"https:\/\/collectivevision.ca\/wp-content\/uploads\/2024\/09\/Creative-Video-Day-Camp-.gif\" alt=\"\" class=\"wp-image-16\" style=\"aspect-ratio:1;object-fit:cover\"\/><\/figure>\n<\/div><\/div>\n\n\n\n<div class=\"wp-block-column is-vertically-aligned-center is-layout-flow wp-block-column-is-layout-flow\">\n<h2 class=\"wp-block-heading has-neve-link-color-color has-text-color has-link-color has-x-large-font-size wp-elements-983a85518ee5268939f8826e0b148f79\">Camp de jour de vid\u00e9o cr\u00e9ative<\/h2>\n\n\n\n<p><br>In this action-packed two-week session, campers jump into the movie-making magic,  both in front of the camera <em>et<\/em>  behind the scenes to create an awesome group film together! <\/p>\n\n\n\n<p>Participants come away with a fully edited movie short that will be premeired on a big screen for friends and family. Along the way, they\u2019ll dive into stop-motion animation, photography, and other hands-on digital art workshops \u2014 experimenting, collaborating, and discovering bold new ways to express their creativity.<\/p>\n\n\n\n<p><strong>AGES 6-13<\/strong><\/p>\n\n\n\n<div class=\"wp-block-buttons is-layout-flex wp-block-buttons-is-layout-flex\">\n<div class=\"wp-block-button is-style-primary\"><a class=\"wp-block-button__link wp-element-button\" href=\"https:\/\/collectivevision.ca\/francais\/creative-video-day-camp\/\">Discover our Youth Camp<\/a><\/div>\n<\/div>\n<\/div>\n<\/div>\n\n\n\n<hr class=\"wp-block-separator has-text-color has-nv-light-bg-color has-alpha-channel-opacity has-nv-light-bg-background-color has-background is-style-default\"\/>\n\n\n\n<div style=\"height:10px\" aria-hidden=\"true\" class=\"wp-block-spacer\"><\/div>\n\n\n\n<div class=\"wp-block-columns is-layout-flex wp-container-core-columns-is-layout-9d6595d7 wp-block-columns-is-layout-flex\">\n<div class=\"wp-block-column is-vertically-aligned-center is-layout-flow wp-block-column-is-layout-flow\">\n<h2 class=\"wp-block-heading has-neve-link-color-color has-text-color has-link-color has-x-large-font-size wp-elements-0f96e7c29bc194cf66b738bc0e133d6a\">Camp vid\u00e9o cr\u00e9atif pour ados<\/h2>\n\n\n\n<p>Our Teen Camp is for young creators who want to take filmmaking seriously. Campers work as a real crew to produce an original collaborative short film from script to screen.<\/p>\n\n\n\n<p>A Hands-on two-week experience with: script writing, cinematography, sound recording, video and sound editing, producing and directing and on-screen performances.&nbsp; Everyone takes on real roles, everyone contributes. Teens will leave with a finished film to add to their creative portfolio and a better understanding of how movies actually get made.<\/p>\n\n\n\n<p><strong>AGES 13-17<\/strong><\/p>\n\n\n\n<div class=\"wp-block-buttons is-layout-flex wp-block-buttons-is-layout-flex\">\n<div class=\"wp-block-button is-style-primary\"><a class=\"wp-block-button__link wp-element-button\" href=\"https:\/\/collectivevision.ca\/francais\/creative-video-teen-camp\/\">Discover our Teen Camp<\/a><\/div>\n<\/div>\n<\/div>\n\n\n\n<div class=\"wp-block-column is-vertically-aligned-center is-layout-flow wp-block-column-is-layout-flow\"><div class=\"wp-block-image\">\n<figure class=\"aligncenter size-full\"><img loading=\"lazy\" decoding=\"async\" width=\"960\" height=\"540\" src=\"https:\/\/collectivevision.ca\/wp-content\/uploads\/2024\/09\/Teen-Camp-half.gif\" alt=\"\" class=\"wp-image-696\" style=\"aspect-ratio:1;object-fit:cover\"\/><\/figure>\n<\/div><\/div>\n<\/div>\n\n\n\n<hr class=\"wp-block-separator has-text-color has-nv-light-bg-color has-alpha-channel-opacity has-nv-light-bg-background-color has-background\"\/>\n\n\n\n<h2 class=\"wp-block-heading has-neve-link-color-color has-text-color has-link-color has-x-large-font-size wp-elements-192a974852988df76830e00acc805642\">Programmes extrascolaires d'arts num\u00e9riques<\/h2>\n\n\n\n<p>Con\u00e7us pour les \u00e9l\u00e8ves de la premi\u00e8re \u00e0 la onzi\u00e8me ann\u00e9e, nos cours offrent des exp\u00e9riences pratiques dans les domaines de la production vid\u00e9o, de la r\u00e9alisation de films, de la photographie et de l'animation image par image. Les \u00e9l\u00e8ves s'engagent non seulement dans l'expression personnelle, la cr\u00e9ativit\u00e9, la pens\u00e9e critique et l'alphab\u00e9tisation, mais ils cultivent \u00e9galement des aptitudes essentielles \u00e0 la communication et au travail d'\u00e9quipe. Rejoignez-nous pour une fusion inspirante de plaisir et d'\u00e9ducation dans le domaine des arts num\u00e9riques !<\/p>\n\n\n\n<div class=\"wp-block-columns are-vertically-aligned-top is-layout-flex wp-container-core-columns-is-layout-9d6595d7 wp-block-columns-is-layout-flex\">\n<div class=\"wp-block-column is-vertically-aligned-top is-layout-flow wp-block-column-is-layout-flow\">\n<figure class=\"wp-block-image size-full\"><img loading=\"lazy\" decoding=\"async\" width=\"740\" height=\"486\" src=\"https:\/\/collectivevision.ca\/wp-content\/uploads\/2024\/09\/creative-video-2.png\" alt=\"\" class=\"wp-image-441\" srcset=\"https:\/\/collectivevision.ca\/wp-content\/uploads\/2024\/09\/creative-video-2.png 740w, https:\/\/collectivevision.ca\/wp-content\/uploads\/2024\/09\/creative-video-2-300x197.png 300w\" sizes=\"auto, (max-width: 740px) 100vw, 740px\" \/><\/figure>\n\n\n\n<h4 class=\"wp-block-heading\">Production vid\u00e9o<\/h4>\n\n\n\n<div class=\"wp-block-buttons is-style-primary is-layout-flex wp-block-buttons-is-layout-flex\">\n<div class=\"wp-block-button is-style-primary\"><a class=\"wp-block-button__link wp-element-button\" href=\"https:\/\/collectivevision.ca\/francais\/video-production-classes\/\">Pour plus d\u2019infos<\/a><\/div>\n<\/div>\n<\/div>\n\n\n\n<div class=\"wp-block-column is-layout-flow wp-block-column-is-layout-flow\">\n<figure class=\"wp-block-image size-full\"><img loading=\"lazy\" decoding=\"async\" width=\"740\" height=\"486\" src=\"https:\/\/collectivevision.ca\/wp-content\/uploads\/2025\/01\/film-making-class.png\" alt=\"\" class=\"wp-image-1274\" srcset=\"https:\/\/collectivevision.ca\/wp-content\/uploads\/2025\/01\/film-making-class.png 740w, https:\/\/collectivevision.ca\/wp-content\/uploads\/2025\/01\/film-making-class-300x197.png 300w, https:\/\/collectivevision.ca\/wp-content\/uploads\/2025\/01\/film-making-class-18x12.png 18w\" sizes=\"auto, (max-width: 740px) 100vw, 740px\" \/><\/figure>\n\n\n\n<h4 class=\"wp-block-heading\">R\u00e9alisation de films<\/h4>\n\n\n\n<div class=\"wp-block-buttons is-layout-flex wp-block-buttons-is-layout-flex\">\n<div class=\"wp-block-button\"><a class=\"wp-block-button__link has-neve-link-color-background-color has-background wp-element-button\" href=\"https:\/\/collectivevision.ca\/francais\/film-making-classes\/\">Pour plus d\u2019infos<\/a><\/div>\n<\/div>\n<\/div>\n\n\n\n<div class=\"wp-block-column is-vertically-aligned-top is-layout-flow wp-block-column-is-layout-flow\">\n<figure class=\"wp-block-image size-full\"><img loading=\"lazy\" decoding=\"async\" width=\"740\" height=\"486\" src=\"https:\/\/collectivevision.ca\/wp-content\/uploads\/2024\/09\/photography-2.gif\" alt=\"\" class=\"wp-image-119\"\/><\/figure>\n\n\n\n<h4 class=\"wp-block-heading\">Photographie<\/h4>\n\n\n\n<div class=\"wp-block-buttons is-layout-flex wp-block-buttons-is-layout-flex\">\n<div class=\"wp-block-button is-style-primary\"><a class=\"wp-block-button__link wp-element-button\" href=\"https:\/\/collectivevision.ca\/francais\/photography-classes\/\">Pour plus d\u2019infos<\/a><\/div>\n<\/div>\n<\/div>\n\n\n\n<div class=\"wp-block-column is-vertically-aligned-top is-layout-flow wp-block-column-is-layout-flow\">\n<figure class=\"wp-block-image size-full\"><img loading=\"lazy\" decoding=\"async\" width=\"740\" height=\"486\" src=\"https:\/\/collectivevision.ca\/wp-content\/uploads\/2024\/09\/stop-motion-1.png\" alt=\"\" class=\"wp-image-168\" srcset=\"https:\/\/collectivevision.ca\/wp-content\/uploads\/2024\/09\/stop-motion-1.png 740w, https:\/\/collectivevision.ca\/wp-content\/uploads\/2024\/09\/stop-motion-1-300x197.png 300w, https:\/\/collectivevision.ca\/wp-content\/uploads\/2024\/09\/stop-motion-1-600x394.png 600w, https:\/\/collectivevision.ca\/wp-content\/uploads\/2024\/09\/stop-motion-1-370x243.png 370w\" sizes=\"auto, (max-width: 740px) 100vw, 740px\" \/><\/figure>\n\n\n\n<h4 class=\"wp-block-heading\">Animation d'images<\/h4>\n\n\n\n<div class=\"wp-block-buttons is-layout-flex wp-block-buttons-is-layout-flex\">\n<div class=\"wp-block-button is-style-primary\"><a class=\"wp-block-button__link wp-element-button\" href=\"https:\/\/collectivevision.ca\/francais\/stop-motion-classes\/\">Pour plus d\u2019infos<\/a><\/div>\n<\/div>\n<\/div>\n<\/div>\n\n\n\n<hr class=\"wp-block-separator has-text-color has-nv-light-bg-color has-alpha-channel-opacity has-nv-light-bg-background-color has-background is-style-default\"\/>\n\n\n\n<div style=\"height:10px\" aria-hidden=\"true\" class=\"wp-block-spacer\"><\/div>\n\n\n\n<div class=\"wp-block-columns is-layout-flex wp-container-core-columns-is-layout-9d6595d7 wp-block-columns-is-layout-flex\">\n<div class=\"wp-block-column is-vertically-aligned-center is-layout-flow wp-block-column-is-layout-flow\"><div class=\"wp-block-image\">\n<figure class=\"aligncenter size-full\"><img loading=\"lazy\" decoding=\"async\" width=\"935\" height=\"618\" src=\"https:\/\/collectivevision.ca\/wp-content\/uploads\/2024\/09\/private-lessons.png\" alt=\"\" class=\"wp-image-14\" style=\"aspect-ratio:1;object-fit:cover\" srcset=\"https:\/\/collectivevision.ca\/wp-content\/uploads\/2024\/09\/private-lessons.png 935w, https:\/\/collectivevision.ca\/wp-content\/uploads\/2024\/09\/private-lessons-300x198.png 300w, https:\/\/collectivevision.ca\/wp-content\/uploads\/2024\/09\/private-lessons-768x508.png 768w, https:\/\/collectivevision.ca\/wp-content\/uploads\/2024\/09\/private-lessons-600x397.png 600w, https:\/\/collectivevision.ca\/wp-content\/uploads\/2024\/09\/private-lessons-770x509.png 770w, https:\/\/collectivevision.ca\/wp-content\/uploads\/2024\/09\/private-lessons-370x245.png 370w\" sizes=\"auto, (max-width: 935px) 100vw, 935px\" \/><\/figure>\n<\/div><\/div>\n\n\n\n<div class=\"wp-block-column is-vertically-aligned-center is-layout-flow wp-block-column-is-layout-flow\">\n<h2 class=\"wp-block-heading has-neve-link-hover-color-color has-text-color has-link-color has-x-large-font-size wp-elements-850cc8d6152bb6086a654171f97c427a\">Le\u00e7ons priv\u00e9es<\/h2>\n\n\n\n<p>Nos cours priv\u00e9s sont un excellent moyen d'offrir une formation individuelle de haut niveau aux jeunes qui souhaitent commencer \u00e0 produire leurs propres vid\u00e9os de haute qualit\u00e9. De la r\u00e9alisation de vos propres films \u00e0 la cr\u00e9ation de vlogs et de documentaires, nous vous aiderons \u00e0 devenir un cin\u00e9aste professionnel !<br><br>Nous proposons des cours de cin\u00e9matographie, de montage d'images, d'\u00e9criture de sc\u00e9narios, de Photoshop, de production et d'enregistrement sonore. <\/p>\n\n\n\n<p>Contactez-nous pour nous faire part de votre demande.<\/p>\n<\/div>\n<\/div>\n\n\n\n<div style=\"height:40px\" aria-hidden=\"true\" class=\"wp-block-spacer\"><\/div>\n\n\n\n<p><\/p>","protected":false},"excerpt":{"rendered":"<p>Creative Video Day Camp In this action-packed two-week session, campers jump into the movie-making magic, both in front of the camera and behind the scenes to create an awesome group film together! Participants come away with a fully edited movie short that will be premeired on a big screen for friends and family. Along the&hellip;&nbsp;<a href=\"https:\/\/collectivevision.ca\/francais\/\" rel=\"bookmark\">Lire la suite &raquo;<span class=\"screen-reader-text\">Page d'accueil<\/span><\/a><\/p>","protected":false},"author":990004,"featured_media":0,"parent":0,"menu_order":0,"comment_status":"closed","ping_status":"closed","template":"","meta":{"_monsterinsights_skip_tracking":false,"_monsterinsights_sitenote_active":false,"_monsterinsights_sitenote_note":"","_monsterinsights_sitenote_category":0,"_uf_show_specific_survey":0,"_uf_disable_surveys":false,"neve_meta_sidebar":"full-width","neve_meta_container":"contained","neve_meta_enable_content_width":"on","neve_meta_content_width":100,"neve_meta_title_alignment":"","neve_meta_author_avatar":"","neve_post_elements_order":"","neve_meta_disable_header":"","neve_meta_disable_footer":"","neve_meta_disable_title":"on","_themeisle_gutenberg_block_has_review":false,"footnotes":""},"class_list":["post-424","page","type-page","status-publish","hentry"],"aioseo_notices":[],"_links":{"self":[{"href":"https:\/\/collectivevision.ca\/francais\/wp-json\/wp\/v2\/pages\/424","targetHints":{"allow":["GET"]}}],"collection":[{"href":"https:\/\/collectivevision.ca\/francais\/wp-json\/wp\/v2\/pages"}],"about":[{"href":"https:\/\/collectivevision.ca\/francais\/wp-json\/wp\/v2\/types\/page"}],"author":[{"embeddable":true,"href":"https:\/\/collectivevision.ca\/francais\/wp-json\/wp\/v2\/users\/990004"}],"replies":[{"embeddable":true,"href":"https:\/\/collectivevision.ca\/francais\/wp-json\/wp\/v2\/comments?post=424"}],"version-history":[{"count":5,"href":"https:\/\/collectivevision.ca\/francais\/wp-json\/wp\/v2\/pages\/424\/revisions"}],"predecessor-version":[{"id":3769,"href":"https:\/\/collectivevision.ca\/francais\/wp-json\/wp\/v2\/pages\/424\/revisions\/3769"}],"wp:attachment":[{"href":"https:\/\/collectivevision.ca\/francais\/wp-json\/wp\/v2\/media?parent=424"}],"curies":[{"name":"wp","href":"https:\/\/api.w.org\/{rel}","templated":true}]}}